{"id":11,"date":"2024-03-16T13:36:41","date_gmt":"2024-03-16T13:36:41","guid":{"rendered":"https:\/\/grupomk.com\/?page_id=11"},"modified":"2026-03-31T17:39:10","modified_gmt":"2026-03-31T17:39:10","slug":"home","status":"publish","type":"page","link":"https:\/\/grupomk.com\/","title":{"rendered":"Home"},"content":{"rendered":"<section class=\"home__top\">\r\n<div class=\"movable-container\"><img decoding=\"async\" class=\"movable-image\" src=\"\/wp-content\/uploads\/2024\/04\/Banner_fabricas_MK.png\" \/><\/div>\r\n<section class=\"home__top-container\">\r\n<div class=\"home__top-container-content\">\r\n<div class=\"home__top-container-content-logo\"><img decoding=\"async\" class=\"desk\" src=\"\/wp-content\/uploads\/2024\/03\/logos.jpeg\" \/><br \/><img decoding=\"async\" class=\"mobile\" src=\"\/wp-content\/uploads\/2024\/03\/logomob.png\" \/><\/div>\r\n<div class=\"home__top-container-content-text\">\r\n<p style=\"font-weight: 400;\">O\u00a0<strong>Grupo MK<\/strong>, fundador e detentor da marca Mondial desde 2000 e da marca XZone, voltada para o mercado gamer, adquiriu, em 2020, a f\u00e1brica de eletr\u00f4nicos da empresa japonesa Sony e licenciou a marca AIWA, que por d\u00e9cadas pertenceu \u00e0 Sony.<\/p>\r\n<p>&nbsp;<\/p>\r\n<p style=\"font-weight: 400;\">Cada uma das marcas possui objetivos e posicionamentos estrat\u00e9gicos espec\u00edficos.<\/p>\r\n<p>&nbsp;<\/p>\r\n<p style=\"font-weight: 400;\">Ao longo de toda a sua trajet\u00f3ria, sempre mantendo a sua ess\u00eancia e DNA de atua\u00e7\u00e3o, o Grupo MK buscou excel\u00eancia, agilidade e alta performance, incorporando inova\u00e7\u00e3o em tudo o que faz para oferecer produtos diferenciados e com a melhor rela\u00e7\u00e3o custo-benef\u00edcio.<\/p>\r\n<p>&nbsp;<\/p>\r\n<p style=\"font-weight: 400;\">Servir e atender bem os clientes e consumidores \u00e9 o que move todo o grupo.<\/p>\r\n<\/div>\r\n<\/div>\r\n<\/section>\r\n<\/section>\r\n<section id=\"mondial\" class=\"home__blocks\">\r\n<div><img decoding=\"async\" class=\"home__blocks-container-logoimg\" style=\"margin-bottom: 50px;\" src=\"\/wp-content\/uploads\/2024\/03\/mondial.png\" \/><\/div>\r\n<section class=\"home__blocks-container\">\r\n<div class=\"mobcol1\">\r\n<div class=\"home__blocks-container-img\"><img loading=\"lazy\" decoding=\"async\" class=\"alignnone size-medium\" src=\"https:\/\/grupomk.com\/wp-content\/uploads\/2024\/05\/Banner-Fami\u0301lia_v3.png\" width=\"418\" height=\"420\" \/><\/div>\r\n<div class=\"home__blocks-container-text-1\" style=\"margin-bottom: 50px;\">H\u00e1 mais de duas d\u00e9cadas, a Mondial \u00e9 refer\u00eancia em excel\u00eancia, inova\u00e7\u00e3o e qualidade no mercado de eletrodom\u00e9sticos e eletroport\u00e1teis. Com um compromisso inabal\u00e1vel com a satisfa\u00e7\u00e3o do cliente e um foco cont\u00ednuo na melhoria dos produtos, a Mondial se destaca como uma marca confi\u00e1vel e l\u00edder em seu segmento.Desde sua funda\u00e7\u00e3o, a Mondial tem se dedicado a oferecer solu\u00e7\u00f5es pr\u00e1ticas e eficientes para facilitar as tarefas di\u00e1rias em casa. Seja na cozinha, ou em qualquer outro ambiente, os produtos Mondial s\u00e3o projetados para atender \u00e0s necessidades modernas, combinando funcionalidade, design elegante e tecnologia de ponta.\r\n<p>A linha diversificada de produtos da Mondial abrange uma ampla gama de categorias, incluindo Air Fryers, liquidificadores, multiprocessadores, cafeteiras, ferros de passar, aspiradores de p\u00f3, ventiladores e muito mais. Cada produto \u00e9 cuidadosamente desenvolvido para oferecer desempenho superior e durabilidade, garantindo uma experi\u00eancia de uso satisfat\u00f3ria e confi\u00e1vel.<\/p>\r\n<\/div>\r\n<\/div>\r\n<div class=\"mobcol2\">\r\n<div class=\"home__blocks-container-text-2\">Al\u00e9m da qualidade excepcional, a Mondial tamb\u00e9m se destaca por sua abordagem inovadora. A marca est\u00e1 sempre atenta \u00e0s tend\u00eancias do mercado e \u00e0s necessidades dos consumidores, buscando constantemente novas maneiras de aprimorar seus produtos e introduzir recursos inovadores que simplificam a vida cotidiana.Comprometida com a sustentabilidade, a Mondial adota pr\u00e1ticas respons\u00e1veis em todas as etapas do processo de produ\u00e7\u00e3o, desde a sele\u00e7\u00e3o de materiais at\u00e9 a fabrica\u00e7\u00e3o e distribui\u00e7\u00e3o de seus produtos. A marca tamb\u00e9m investe em iniciativas de responsabilidade social, contribuindo para o bem-estar das comunidades onde atua.\r\n<p>Com uma reputa\u00e7\u00e3o s\u00f3lida e uma base de clientes fi\u00e9is em todo o mundo, a Mondial continua a ser uma escolha de confian\u00e7a para milh\u00f5es de pessoas que buscam qualidade, inova\u00e7\u00e3o e praticidade em seus produtos. Descubra o que torna a Mondial uma marca verdadeiramente excepcional e eleve sua experi\u00eancia no dia a dia com nossos produtos.<\/p>\r\n<\/div>\r\n<div class=\"home__blocks-container-img\"><img decoding=\"async\" src=\"\/wp-content\/uploads\/2024\/04\/mondial2.png\" \/><\/div>\r\n<\/div>\r\n<\/section>\r\n<\/section>\r\n<div class=\"central\">\r\n<div class=\"central-container\"><img decoding=\"async\" src=\"\/wp-content\/uploads\/2024\/03\/fone.png\" \/><br \/><a class=\"central-text\" href=\"https:\/\/atendimentomondial.zendesk.com\/hc\/pt-br\" target=\"_blank\" rel=\"noopener\">Central de atendimento<br \/>MONDIAL <\/a><\/div>\r\n<p>&nbsp;<\/p>\r\n<\/div>\r\n<section id=\"aiwa\" class=\"home__blocks\" style=\"background-color: #f2f2f2;\">\r\n<div><img decoding=\"async\" class=\"home__blocks-container-logoimg\" src=\"\/wp-content\/uploads\/2024\/03\/aiwa.png\" \/><\/div>\r\n<section class=\"home__blocks-container\">\r\n<div class=\"mobcol1\">\r\n<div class=\"home__blocks-container-img\"><img decoding=\"async\" src=\"\/wp-content\/uploads\/2024\/03\/aiwa1.png\" \/><\/div>\r\n<div class=\"home__blocks-container-text-1\">Desde sua funda\u00e7\u00e3o, a Aiwa tem sido uma busca incessante por inova\u00e7\u00e3o e qualidade. Nossos produtos, como Walkman, Discman e Micro System, tornaram-se \u00edcones globais.Orgulhamo-nos do DNA japon\u00eas que permeia nossa marca, criando novas gera\u00e7\u00f5es de produtos inovadores. Com Sabrina Sato como embaixadora, iniciamos um novo cap\u00edtulo emocionante, refletindo nosso compromisso com a qualidade sonora e design \u00fanicos.<\/div>\r\n<\/div>\r\n<div class=\"mobcol2\">\r\n<div class=\"home__blocks-container-text-2\">A AIWA chega para redefinir o panorama dos produtos eletr\u00f4nicos, unindo excel\u00eancia, estilo e atitude em cada dispositivo que criamos.Nosso foco \u00e9 proporcionar experi\u00eancias que ultrapassem todas as expectativas dos nossos clientes em termos de qualidade, desempenho e atendimento. Na AIWA, n\u00e3o nos contentamos com o comum &#8211; estamos aqui para elevar o n\u00edvel e redefinir os limites do que \u00e9 poss\u00edvel no universo da tecnologia.<\/div>\r\n<div class=\"home__blocks-container-img\"><img decoding=\"async\" src=\"\/wp-content\/uploads\/2024\/03\/aiwa2.png\" \/><\/div>\r\n<\/div>\r\n<\/section>\r\n<\/section>\r\n<div class=\"central\" style=\"background-color: #f2f2f2;\">\r\n<div class=\"central-container\"><img decoding=\"async\" src=\"\/wp-content\/uploads\/2024\/03\/fone.png\" \/><br \/><a class=\"central-text\" href=\"https:\/\/atendimentoaiwa.zendesk.com\/hc\/pt-br\" target=\"_blank\" rel=\"noopener\">Central de atendimento<br \/>AIWA<br \/><\/a><\/div>\r\n<\/div>\r\n<section id=\"xzone\" class=\"home__blocks\">\r\n<div><img decoding=\"async\" class=\"home__blocks-container-logoimg\" src=\"\/wp-content\/uploads\/2024\/03\/xzone.png\" \/><\/div>\r\n<section class=\"home__blocks-container\">\r\n<div class=\"mobcol1\">\r\n<div class=\"home__blocks-container-img\"><img decoding=\"async\" src=\"\/wp-content\/uploads\/2024\/03\/xzone1.jpeg\" \/><\/div>\r\n<div class=\"home__blocks-container-text-1\">A XZone vem com a miss\u00e3o de ser uma marca de eletr\u00f4nicos com foco em renovar a experi\u00eancia dos gamers. Para isso, conta com um time de hardwares desenvolvidos para oferecer alta performance, design e precis\u00e3o.<\/div>\r\n<\/div>\r\n<div class=\"mobcol2\">\r\n<div class=\"home__blocks-container-text-2\">A XZone nasce com capacidade para desenvolver novos produtos, atendendo \u00e0s oportunidades do mercado e fortalecendo o relacionamento com os seus clientes, sempre com foco nas necessidades dos consumidores.<\/div>\r\n<div class=\"home__blocks-container-img\"><img decoding=\"async\" src=\"\/wp-content\/uploads\/2024\/03\/xzone2.jpeg\" \/><\/div>\r\n<\/div>\r\n<\/section>\r\n<\/section>\r\n<div class=\"central\">\r\n<div class=\"central-container\"><img decoding=\"async\" src=\"\/wp-content\/uploads\/2024\/03\/fone.png\" \/><br \/><a class=\"central-text\" href=\"https:\/\/mkbr.xgen.com.br\/mkbr\/form_chat_xzone.html\" target=\"_blank\" rel=\"noopener\">Central de atendimento<br \/>XZONE<br \/><\/a><\/div>\r\n<\/div>\r\n<div class=\"maps-title\">Unidades<\/div>\r\n<section class=\"home__maps\">\r\n<section id=\"unidades\" class=\"home__maps-container\">\r\n<div class=\"home__maps-2box\">\r\n<div class=\"home__maps-box\">Fabrica Bahia\r\n<div style=\"width: 100%;\"><iframe loading=\"lazy\" src=\"https:\/\/maps.google.com\/maps?width=250&amp;height=200&amp;hl=en&amp;q=Estr.%20da%20Volta%20Ou%20Lapa,%201200,%20Concei%C3%A7%C3%A3o%20do%20Jacu%C3%ADpe%20-%20BA,%2044245-000,%20Brazil+(Fabrica%20Bahia)&amp;t=&amp;z=16&amp;ie=UTF8&amp;iwloc=B&amp;output=embed\" width=\"250\" height=\"200\" frameborder=\"0\" marginwidth=\"0\" marginheight=\"0\" scrolling=\"no\"><a href=\"https:\/\/www.gps.ie\/\">gps trackers<\/a><\/iframe>\r\n<div>Est da Volta 1200, galp\u00e3o 2, Colonia Brasilia, Concei\u00e7\u00e3o do Jacuipe &#8211; BA &#8211; CEP 44.245-000<\/div>\r\n<\/div>\r\n<p><a href=\"https:\/\/www.google.com\/maps\/search\/Estrada+da+Volta+1200,+galp%C3%A3o+2,+Colonia+Brasilia,+Concei%C3%A7%C3%A3o+do+Jacuipe+%E2%80%93+BA+%E2%80%93+CEP+44.245-000\/@-12.327111,-38.9168185,11z\/data=!3m1!4b1?entry=ttu\" target=\"_blank\" rel=\"noopener\"><img decoding=\"async\" src=\"\/wp-content\/uploads\/2024\/03\/vermapa.png\" \/><\/a><\/p>\r\n<\/div>\r\n<div class=\"home__maps-box\">CEA Alphaville\r\n<div style=\"width: 100%;\"><iframe loading=\"lazy\" src=\"https:\/\/maps.google.com\/maps?width=250&amp;height=200&amp;hl=en&amp;q=Al%20Araguaia,%202044,%20Andar%204,%20bloco%202%20-%20Barueri,%20Alphaville%20Industrial%20-%20SP%20-%20CEP%2006455-906+(CEA%20Alphaville)&amp;t=&amp;z=14&amp;ie=UTF8&amp;iwloc=B&amp;output=embed\" width=\"250\" height=\"200\" frameborder=\"0\" marginwidth=\"0\" marginheight=\"0\" scrolling=\"no\"><a href=\"https:\/\/www.gps.ie\/\">gps vehicle tracker<\/a><\/iframe>\r\n<div>Al Araguaia, 2044, Andar 4, bloco 2 &#8211; Barueri, Alphaville Industrial &#8211; SP &#8211; CEP 06455-906<\/div>\r\n<\/div>\r\n<p><a href=\"https:\/\/www.google.com\/maps\/place\/Alameda+Araguaia,+2044+-+Andar+4,+bloco+2+-+Alphaville+Industrial,+Barueri+-+SP,+06455-000\/@-23.5010321,-46.844588,17z\/data=!3m1!4b1!4m5!3m4!1s0x94cf0218d22f469b:0xff2f3cec4addfe57!8m2!3d-23.501037!4d-46.8420131?entry=ttu\" target=\"_blank\" rel=\"noopener\"><img decoding=\"async\" src=\"\/wp-content\/uploads\/2024\/03\/vermapa.png\" \/><\/a><\/p>\r\n<\/div>\r\n<\/div>\r\n<div class=\"home__maps-2box\">\r\n<div class=\"home__maps-box\">Filial Manaus\r\n<div style=\"width: 100%;\"><iframe loading=\"lazy\" src=\"https:\/\/maps.google.com\/maps?width=250&amp;height=200&amp;hl=en&amp;q=rua%20ministro%20jo%C3%A3o%20gon%C3%A7alves%20de%20ara%C3%BAjo%201274%20distrito%20industrial,%20CEP%206907584,%20Manaus-%20Amazonia%20-%20Brasil+(Filial%20Manaus)&amp;t=&amp;z=14&amp;ie=UTF8&amp;iwloc=B&amp;output=embed\" width=\"250\" height=\"200\" frameborder=\"0\" marginwidth=\"0\" marginheight=\"0\" scrolling=\"no\"><a href=\"https:\/\/www.gps.ie\/\">gps devices<\/a><\/iframe>\r\n<div>Rua Ministro Jo\u00e3o Gon\u00e7alves de Ara\u00fajo 1274 Distrito Industrial, CEP 6907584, Manaus- Amazonia &#8211; Brasil<\/div>\r\n<\/div>\r\n<p><a href=\"https:\/\/www.google.com\/maps\/place\/Fort+Flex+Comercial+LTDA+-+Filial+Manaus\/@-2.9778411,-60.0168677,17z\/data=!3m1!4b1!4m6!3m5!1s0x926c18177dc7681b:0x5b39dc8bc189dcab!8m2!3d-2.9778465!4d-60.0142928!16s%2Fg%2F11dfq9vm40?entry=ttu\" target=\"_blank\" rel=\"noopener\"><img decoding=\"async\" src=\"\/wp-content\/uploads\/2024\/03\/vermapa.png\" \/><\/a><\/p>\r\n<\/div>\r\n<div class=\"home__maps-box\">Filial Ara\u00e7ariguama\r\n<div style=\"width: 100%;\"><iframe loading=\"lazy\" src=\"https:\/\/maps.google.com\/maps?width=250&amp;height=200&amp;hl=en&amp;q=Rua%20S%C3%A3o%20Luiz,%20399%20-%20Lotes%2008%20e%2009%20-%20Loteamento%20Industrial%20Ribeir%C3%A3o%20do%20Col%C3%A9gio%20cep%2018147-000%20-%20Ara%C3%A7ariguama%20-%20SP+(Filial%20Ara%C3%A7ariguama)&amp;t=&amp;z=14&amp;ie=UTF8&amp;iwloc=B&amp;output=embed\" width=\"250\" height=\"200\" frameborder=\"0\" marginwidth=\"0\" marginheight=\"0\" scrolling=\"no\"><a href=\"https:\/\/www.gps.ie\/\">gps tracker sport<\/a><\/iframe>\r\n<div>Rua S\u00e3o Luiz, 399 &#8211; Lotes 08 e 09 &#8211; Loteamento Industrial Ribeir\u00e3o do Col\u00e9gio cep 18147-000 &#8211;<br \/>Ara\u00e7ariguama &#8211; SP<\/div>\r\n<\/div>\r\n<p><a href=\"https:\/\/www.google.com\/maps\/search\/Rua+S%C3%A3o+Luiz,+399+%E2%80%93+Lotes+08+e+09+%E2%80%93+Loteamento+Industrial+Ribeir%C3%A3o+do+Col%C3%A9gio+cep+18147-000+%E2%80%93+Ara%C3%A7ariguama+%E2%80%93+SP\/@-23.4089814,-47.1050351,17z\/data=!3m1!4b1?entry=ttu\" target=\"_blank\" rel=\"noopener\"><img decoding=\"async\" src=\"\/wp-content\/uploads\/2024\/03\/vermapa.png\" \/><\/a><\/p>\r\n<\/div>\r\n<\/div>\r\n<div class=\"home__maps-2box\">\r\n<div class=\"home__maps-box\">Guangzhou Office\r\n<div style=\"width: 100%;\"><iframe loading=\"lazy\" src=\"https:\/\/maps.google.com\/maps?width=250&amp;height=200&amp;hl=en&amp;q=Global%20Trading%20Center%20%E2%80%93%20Room%201612%20149=8%20Xingang%20Eastern%20Road,%20Haizhu%20District%20Guangzhou%20%E2%80%93%20Guangdong%20%E2%80%93%20China+(Guangzhou%20Office)&amp;t=&amp;z=14&amp;ie=UTF8&amp;iwloc=B&amp;output=embed\" width=\"250\" height=\"200\" frameborder=\"0\" marginwidth=\"0\" marginheight=\"0\" scrolling=\"no\"><a href=\"https:\/\/www.gps.ie\/\">gps trackers<\/a><\/iframe>\r\n<div>Global Trading Center \u2013 Room 1612 149=8 Xingang Eastern Road, Haizhu District Guangzhou \u2013 Guangdong \u2013 China<\/div>\r\n<\/div>\r\n<p><a href=\"https:\/\/www.google.com\/maps\/search\/Global+Trading+Center+%E2%80%93+Room+1612+149%3D8+Xingang+Eastern+Road,+Haizhu+District+Guangzhou+%E2%80%93+Guangdong+%E2%80%93China\/@23.1155187,113.2665137,13z\/data=!3m1!4b1?entry=ttu\" target=\"_blank\" rel=\"noopener\"><img decoding=\"async\" src=\"\/wp-content\/uploads\/2024\/03\/vermapa.png\" \/><\/a><\/p>\r\n<\/div>\r\n<div class=\"home__maps-box\">Ningbo Office\r\n<div style=\"width: 100%;\"><iframe loading=\"lazy\" src=\"https:\/\/maps.google.com\/maps?width=250&amp;height=200&amp;hl=en&amp;q=Zhongchuang%20Yiwei%20E-Commerce%20Center,%204th%20Floor%20Ditang%20District,%20Yuyao%20City%20-%20Zhejiang%20-%20China%20Post%20code%20%EF%BC%9A%20315400+(Ningbo%20Office)&amp;t=&amp;z=14&amp;ie=UTF8&amp;iwloc=B&amp;output=embed\" width=\"250\" height=\"200\" frameborder=\"0\" marginwidth=\"0\" marginheight=\"0\" scrolling=\"no\"><a href=\"https:\/\/www.gps.ie\/\">gps systems<\/a><\/iframe>\r\n<div>Zhongchuang Yiwei E-Commerce Center, 4th Floor Ditang District, Yuyao City &#8211; Zhejiang &#8211; China Post code: 315400<\/div>\r\n<\/div>\r\n<p><a href=\"https:\/\/www.google.com\/maps\/search\/Zhongchuang+Yiwei+E-Commerce+Center,+4th+Floor+Ditang+District,+Yuyao+City+-+Zhejiang+-+China+Post+code+315400\/@30.1625146,121.1512251,17z\/data=!3m1!4b1?entry=ttu\" target=\"_blank\" rel=\"noopener\"><img decoding=\"async\" src=\"\/wp-content\/uploads\/2024\/03\/vermapa.png\" \/><\/a><\/p>\r\n<\/div>\r\n<\/div>\r\n<\/section>\r\n<\/section>\r\n<div style=\"font-size: 24px; font-weight: bold; display: flex; align-items: center; justify-content: center; margin-top: 50px; margin-bottom: 50px;\">Relat\u00f3rio de transpar\u00eancia<\/div>\r\n<div class=\"relatorio-content\" style=\"display: flex; align-items: center; justify-content: center; gap: 24px; max-width: 800px; margin: 0 auto; margin-bottom: 40px;\">\r\n<p>&nbsp;<\/p>\r\n<div class=\"relatorio-content-text\" style=\"width: 50%; display: flex; align-items: center; justify-content: center; flex-direction: column;\">Relat\u00f3rio extra\u00eddo do Portal Emprega Brasil, em 30 de mar\u00e7o de 2026 e divulgado em raz\u00e3o da obriga\u00e7\u00e3o disposta no art. 2\u00ba, 54\u00b0 do Decreto n\u00b0 11.795\/2023.<\/div>\r\n<div class=\"relatorio-content-documents\" style=\"width: 50%; display: flex; align-items: flex-start; padding-left: 80px; justify-content: center; flex-direction: column;\">\r\n<p>&nbsp;<\/p>\r\n<p style=\"font-weight: bold;\">Clique no CNPJ para baixar o relat\u00f3rio:<\/p>\r\n<p><a href=\"https:\/\/grupomk.com\/wp-content\/uploads\/2026\/01\/RelatorioIgualdadeSalarialLote_2026_1_7666567000221.pdf\" target=\"_blank\" rel=\"noopener\">CNPJ 07.666.567\/0002-21<\/a><a href=\"https:\/\/grupomk.com\/wp-content\/uploads\/2026\/01\/RelatorioIgualdadeSalarialLote076665670003.02_MK_BARUERI.pdf\" target=\"_blank\" rel=\"noopener\">CNPJ 07.666.567\/0003-02<\/a><a href=\"https:\/\/grupomk.com\/wp-content\/uploads\/2026\/01\/RelatorioIgualdadeSalarialLote076665670007.36_MK_MANAUS.pdf\" target=\"_blank\" rel=\"noopener\">CNPJ 07.666.567\/0007-36<\/a><a href=\"https:\/\/grupomk.com\/wp-content\/uploads\/2026\/01\/RelatorioIgualdadeSalarialLote076665670008.17_MK_ARACA.pdf\" target=\"_blank\" rel=\"noopener\">CNPJ 07.666.567\/0008-17<\/a><a href=\"https:\/\/grupomk.com\/wp-content\/uploads\/2026\/01\/RelatorioIgualdadeSalarialLote_2026_1_11059063000130.pdf\" target=\"_blank\" rel=\"noopener\">CNPJ 11.059.063\/0001-30<\/a><\/p>\r\n<\/div>\r\n<\/div>\r\n\r\n<p>&nbsp;<\/p>\r\n","protected":false},"excerpt":{"rendered":"<p>O\u00a0Grupo MK, fundador e detentor da marca Mondial desde 2000 e da marca XZone, voltada para o mercado gamer, adquiriu, em 2020, a f\u00e1brica de eletr\u00f4nicos da empresa japonesa Sony e licenciou a marca AIWA, que por d\u00e9cadas pertenceu \u00e0 Sony. &nbsp; Cada uma das marcas possui objetivos e posicionamentos estrat\u00e9gicos espec\u00edficos. &nbsp; Ao longo <a href=\"https:\/\/grupomk.com\/\" class=\"more-link\">&#8230;<span class=\"screen-reader-text\">  Home<\/span><\/a><\/p>\n","protected":false},"author":1,"featured_media":0,"parent":0,"menu_order":0,"comment_status":"closed","ping_status":"closed","template":"","meta":{"footnotes":""},"class_list":["post-11","page","type-page","status-publish","hentry"],"_links":{"self":[{"href":"https:\/\/grupomk.com\/index.php?rest_route=\/wp\/v2\/pages\/11","targetHints":{"allow":["GET"]}}],"collection":[{"href":"https:\/\/grupomk.com\/index.php?rest_route=\/wp\/v2\/pages"}],"about":[{"href":"https:\/\/grupomk.com\/index.php?rest_route=\/wp\/v2\/types\/page"}],"author":[{"embeddable":true,"href":"https:\/\/grupomk.com\/index.php?rest_route=\/wp\/v2\/users\/1"}],"replies":[{"embeddable":true,"href":"https:\/\/grupomk.com\/index.php?rest_route=%2Fwp%2Fv2%2Fcomments&post=11"}],"version-history":[{"count":74,"href":"https:\/\/grupomk.com\/index.php?rest_route=\/wp\/v2\/pages\/11\/revisions"}],"predecessor-version":[{"id":183,"href":"https:\/\/grupomk.com\/index.php?rest_route=\/wp\/v2\/pages\/11\/revisions\/183"}],"wp:attachment":[{"href":"https:\/\/grupomk.com\/index.php?rest_route=%2Fwp%2Fv2%2Fmedia&parent=11"}],"curies":[{"name":"wp","href":"https:\/\/api.w.org\/{rel}","templated":true}]}}